{"id":61,"date":"2015-03-08T20:30:23","date_gmt":"2015-03-08T20:30:23","guid":{"rendered":"http:\/\/solopine.com\/rosemary\/?page_id=61"},"modified":"2022-07-10T13:56:56","modified_gmt":"2022-07-10T11:56:56","slug":"om","status":"publish","type":"page","link":"https:\/\/lausenheim.dk\/en\/om\/","title":{"rendered":"About me"},"content":{"rendered":"<p><img decoding=\"async\" class=\"alignright wp-image-153\" src=\"http:\/\/lausenheim.dk\/wp-content\/uploads\/2021\/12\/Lausenheim-300x168.jpg\" alt=\"\" width=\"377\" height=\"211\" title=\"\" srcset=\"https:\/\/lausenheim.dk\/wp-content\/uploads\/2021\/12\/Lausenheim-300x168.jpg 300w, https:\/\/lausenheim.dk\/wp-content\/uploads\/2021\/12\/Lausenheim-1024x575.jpg 1024w, https:\/\/lausenheim.dk\/wp-content\/uploads\/2021\/12\/Lausenheim-768x431.jpg 768w, https:\/\/lausenheim.dk\/wp-content\/uploads\/2021\/12\/Lausenheim-1536x863.jpg 1536w, https:\/\/lausenheim.dk\/wp-content\/uploads\/2021\/12\/Lausenheim-2048x1150.jpg 2048w, https:\/\/lausenheim.dk\/wp-content\/uploads\/2021\/12\/Lausenheim-1080x606.jpg 1080w\" sizes=\"(max-width: 377px) 100vw, 377px\" \/><\/p>\n<p>My name is Laus S\u00f8rensen. I am a Danish expat and have lived in Prague since January 2007. My job here is to help Danish guests get the best possible experience out of visiting Prague. I book hotels and holiday apartments, and I organise tours and excursions in Danish.<\/p>\n<p>I am originally trained as a teacher. My main subjects are Danish and home economics. I was an boarding-school teacher for 8 years, and one of my tasks was to cook for the rest of the students and staff at the school together with a group of students. Later, I was deputy headmaster for 10 years before I decided to start a new chapter in my life.<\/p>\n<p>I quit my job, moved to Prague and have been taking care of Danish guests in the most beautiful city I know.<\/p>\n<p>Since the Covid pandemic started, it has been more difficult to make a living from tourism. Therefore, I now also have other jobs. The most important is a position as Remote Personal Assistant to the Head of Administration at the Danish magazine \u00d8konomisk Ugebrev. An exceptionally interesting and rewarding job. I also work with various freelance assignments, especially translations.<\/p>\n<p>I love food, I like Czech beer, I have some knowledge of wine and I have visited many of the restaurants here in Prague so I can guide my guests. But I also like to cook a lot and I prefer to make most things from scratch. I'm not hysterical about avoiding ready-made products, but if I have the time and opportunity, I'd rather cook a stock than use a stock cube<\/p>","protected":false},"excerpt":{"rendered":"<p>Mit navn er Laus S\u00f8rensen. Jeg er udlandsdansker og har boet i Prag siden januar 2007. Her besk\u00e6ftiger jeg mig med at hj\u00e6lpe danske g\u00e6ster med at f\u00e5 den bedst mulige oplevelse ud af at bes\u00f8ge Prag. Jeg booker hoteller og ferielejligheder, og jeg gennemf\u00f8rer ture og udflugter p\u00e5 dansk. Oprindeligt er jeg l\u00e6reruddannet. Mine linjefag er dansk og hjemkundskab. Jeg har v\u00e6ret efterskolel\u00e6rer i 8 \u00e5r, og en af mine opgaver var sammen med en gruppe elever at lave mad til resten af eleverne og personalet p\u00e5 skolen. Senere har jeg v\u00e6ret viceskoleinspekt\u00f8r i 10 \u00e5r, f\u00f8r jeg besluttede mig for at starte et nyt kapitel i mit liv. Jeg sagde mit arbejde op, flyttede til Prag og har siden taget mig af danske g\u00e6ster i den smukkeste by, jeg kender. Siden Corona-pandemien startede, har det v\u00e6ret vanskeligere at leve at turisme. Derfor har jeg nu ogs\u00e5 andre jobs. Det v\u00e6sentligste er en ans\u00e6ttelse som Remote Personal Assistant for administrationschefen p\u00e5 det danske magasin \u00d8konomisk Ugebrev. Et us\u00e6dvanligt interessant og givende arbejde. Desuden arbejder jeg med forskellige freelanceopgaver, is\u00e6r overs\u00e6ttelser. Jeg er glad for mad, jeg kan lide tjekkisk \u00f8l, jeg har en smule kendskab til vin, og jeg [&hellip;]<\/p>","protected":false},"author":1,"featured_media":0,"parent":0,"menu_order":0,"comment_status":"closed","ping_status":"closed","template":"page-fullwidth.php","meta":{"wprm-recipe-roundup-name":"","wprm-recipe-roundup-description":"","_mi_skip_tracking":false,"iawp_total_views":118,"footnotes":""},"class_list":["post-61","page","type-page","status-publish","hentry"],"_links":{"self":[{"href":"https:\/\/lausenheim.dk\/en\/wp-json\/wp\/v2\/pages\/61","targetHints":{"allow":["GET"]}}],"collection":[{"href":"https:\/\/lausenheim.dk\/en\/wp-json\/wp\/v2\/pages"}],"about":[{"href":"https:\/\/lausenheim.dk\/en\/wp-json\/wp\/v2\/types\/page"}],"author":[{"embeddable":true,"href":"https:\/\/lausenheim.dk\/en\/wp-json\/wp\/v2\/users\/1"}],"replies":[{"embeddable":true,"href":"https:\/\/lausenheim.dk\/en\/wp-json\/wp\/v2\/comments?post=61"}],"version-history":[{"count":5,"href":"https:\/\/lausenheim.dk\/en\/wp-json\/wp\/v2\/pages\/61\/revisions"}],"predecessor-version":[{"id":662,"href":"https:\/\/lausenheim.dk\/en\/wp-json\/wp\/v2\/pages\/61\/revisions\/662"}],"wp:attachment":[{"href":"https:\/\/lausenheim.dk\/en\/wp-json\/wp\/v2\/media?parent=61"}],"curies":[{"name":"wp","href":"https:\/\/api.w.org\/{rel}","templated":true}]}}